{"id":489,"date":"2023-10-09T21:43:47","date_gmt":"2023-10-09T19:43:47","guid":{"rendered":"https:\/\/www.mevolution.fr\/oser-entreprendre\/?page_id=489"},"modified":"2025-03-26T11:16:56","modified_gmt":"2025-03-26T10:16:56","slug":"bibliographie","status":"publish","type":"page","link":"https:\/\/www.mevolution.fr\/oser-entreprendre\/bibliographie\/","title":{"rendered":"Bibliographie"},"content":{"rendered":"\n<hr class=\"wp-block-separator has-alpha-channel-opacity\"\/>\n\n\n\n<h2 class=\"wp-block-heading has-text-align-center\"><strong>Bibliographie<\/strong><\/h2>\n\n\n\n<hr class=\"wp-block-separator has-alpha-channel-opacity\"\/>\n\n\n\n<p>Voici une liste de livres qui m\u2019ont inspir\u00e9 lors de mes recherches :<\/p>\n\n\n\n<ul class=\"wp-block-list\">\n<li><em>Vers des organisations vivantes<\/em> de Christophe Le Buhan et Jacques Santini<\/li>\n\n\n\n<li><em><a href=\"http:\/\/mevolution.fr\/livre\">J\u2019ai d\u00e9cid\u00e9 d\u2019\u00eatre heureux ! Et vous ?<\/a><\/em>&nbsp;de Rapha\u00ebl Bala\u00ff<\/li>\n\n\n\n<li><em>Start with why<\/em>&nbsp;de Simon Sinek<\/li>\n\n\n\n<li><em>Les 4 accords Tolt\u00e8ques<\/em>&nbsp;de Miguel Ruiz<\/li>\n\n\n\n<li><em>Oser faire confiance<\/em>&nbsp;de Emmanuel Delessert<\/li>\n\n\n\n<li><em>Libert\u00e9 &amp; Cie<\/em>&nbsp;de Isaac Getz et Brian M. Carney (Quand la libert\u00e9 des salari\u00e9s fait le bonheur des entreprises)<\/li>\n\n\n\n<li><em>Le Pouvoir illimit\u00e9<\/em>&nbsp;d\u2019Anthony Robbins<\/li>\n\n\n\n<li><em>L\u2019\u00e9veil de votre puissance int\u00e9rieure<\/em>&nbsp;d\u2019Anthony Robbins<\/li>\n\n\n\n<li><em>Les 7 habitudes de ceux qui r\u00e9alisent tout ce qu\u2019ils entreprennent<\/em>&nbsp;de Stephen R. Covey<\/li>\n\n\n\n<li><em>Etes-vous indispensable ? lib\u00e9rez le linchpin qui est en vous\u2026<\/em>&nbsp;de Seth Godin<\/li>\n\n\n\n<li><em>L\u2019\u00e9l\u00e9ment humaine<\/em>&nbsp;de Will Schutz<\/li>\n\n\n\n<li><em>La proph\u00e9tie des Andes<\/em>&nbsp;de James Redfield (Et si les co\u00efncidences r\u00e9v\u00e9laient le sens de la vie ?)<\/li>\n\n\n\n<li><em>L\u2019alchimiste<\/em>&nbsp;de Paulo Coelho<\/li>\n\n\n\n<li><em>L\u2019homme qui voulait \u00eatre heureux<\/em>&nbsp;de Laurent Gounelle<\/li>\n\n\n\n<li><em>Les dieux voyagent toujours incognito<\/em>&nbsp;de Laurent Gounelle<\/li>\n\n\n\n<li><em>Vers des organisations vivantes <\/em>de Christophe Le Buhan et Jacques Santini<\/li>\n\n\n\n<li><em>Reinventing Organizations <\/em>de Fr\u00e9d\u00e9ric Laloux<\/li>\n<\/ul>\n\n\n\n<hr class=\"wp-block-separator has-alpha-channel-opacity\"\/>\n\n\n\n<p class=\"has-text-align-center\"><a href=\"http:\/\/www.mevolution.fr\/oser-entreprendre\">Retour sur les articles<\/a><\/p>\n","protected":false},"excerpt":{"rendered":"<p>Bibliographie Voici une liste de livres qui m\u2019ont inspir\u00e9 lors de mes recherches : Retour sur les articles<\/p>\n","protected":false},"author":2,"featured_media":0,"parent":0,"menu_order":0,"comment_status":"closed","ping_status":"closed","template":"","meta":{"ocean_post_layout":"","ocean_both_sidebars_style":"","ocean_both_sidebars_content_width":0,"ocean_both_sidebars_sidebars_width":0,"ocean_sidebar":"","ocean_second_sidebar":"","ocean_disable_margins":"enable","ocean_add_body_class":"","ocean_shortcode_before_top_bar":"","ocean_shortcode_after_top_bar":"","ocean_shortcode_before_header":"","ocean_shortcode_after_header":"","ocean_has_shortcode":"","ocean_shortcode_after_title":"","ocean_shortcode_before_footer_widgets":"","ocean_shortcode_after_footer_widgets":"","ocean_shortcode_before_footer_bottom":"","ocean_shortcode_after_footer_bottom":"","ocean_display_top_bar":"default","ocean_display_header":"default","ocean_header_style":"","ocean_center_header_left_menu":"","ocean_custom_header_template":"","ocean_custom_logo":0,"ocean_custom_retina_logo":0,"ocean_custom_logo_max_width":0,"ocean_custom_logo_tablet_max_width":0,"ocean_custom_logo_mobile_max_width":0,"ocean_custom_logo_max_height":0,"ocean_custom_logo_tablet_max_height":0,"ocean_custom_logo_mobile_max_height":0,"ocean_header_custom_menu":"","ocean_menu_typo_font_family":"","ocean_menu_typo_font_subset":"","ocean_menu_typo_font_size":0,"ocean_menu_typo_font_size_tablet":0,"ocean_menu_typo_font_size_mobile":0,"ocean_menu_typo_font_size_unit":"px","ocean_menu_typo_font_weight":"","ocean_menu_typo_font_weight_tablet":"","ocean_menu_typo_font_weight_mobile":"","ocean_menu_typo_transform":"","ocean_menu_typo_transform_tablet":"","ocean_menu_typo_transform_mobile":"","ocean_menu_typo_line_height":0,"ocean_menu_typo_line_height_tablet":0,"ocean_menu_typo_line_height_mobile":0,"ocean_menu_typo_line_height_unit":"","ocean_menu_typo_spacing":0,"ocean_menu_typo_spacing_tablet":0,"ocean_menu_typo_spacing_mobile":0,"ocean_menu_typo_spacing_unit":"","ocean_menu_link_color":"","ocean_menu_link_color_hover":"","ocean_menu_link_color_active":"","ocean_menu_link_background":"","ocean_menu_link_hover_background":"","ocean_menu_link_active_background":"","ocean_menu_social_links_bg":"","ocean_menu_social_hover_links_bg":"","ocean_menu_social_links_color":"","ocean_menu_social_hover_links_color":"","ocean_disable_title":"default","ocean_disable_heading":"default","ocean_post_title":"","ocean_post_subheading":"","ocean_post_title_style":"","ocean_post_title_background_color":"","ocean_post_title_background":0,"ocean_post_title_bg_image_position":"","ocean_post_title_bg_image_attachment":"","ocean_post_title_bg_image_repeat":"","ocean_post_title_bg_image_size":"","ocean_post_title_height":0,"ocean_post_title_bg_overlay":0.5,"ocean_post_title_bg_overlay_color":"","ocean_disable_breadcrumbs":"default","ocean_breadcrumbs_color":"","ocean_breadcrumbs_separator_color":"","ocean_breadcrumbs_links_color":"","ocean_breadcrumbs_links_hover_color":"","ocean_display_footer_widgets":"default","ocean_display_footer_bottom":"default","ocean_custom_footer_template":"","footnotes":""},"class_list":["post-489","page","type-page","status-publish","hentry","entry"],"_links":{"self":[{"href":"https:\/\/www.mevolution.fr\/oser-entreprendre\/wp-json\/wp\/v2\/pages\/489","targetHints":{"allow":["GET"]}}],"collection":[{"href":"https:\/\/www.mevolution.fr\/oser-entreprendre\/wp-json\/wp\/v2\/pages"}],"about":[{"href":"https:\/\/www.mevolution.fr\/oser-entreprendre\/wp-json\/wp\/v2\/types\/page"}],"author":[{"embeddable":true,"href":"https:\/\/www.mevolution.fr\/oser-entreprendre\/wp-json\/wp\/v2\/users\/2"}],"replies":[{"embeddable":true,"href":"https:\/\/www.mevolution.fr\/oser-entreprendre\/wp-json\/wp\/v2\/comments?post=489"}],"version-history":[{"count":7,"href":"https:\/\/www.mevolution.fr\/oser-entreprendre\/wp-json\/wp\/v2\/pages\/489\/revisions"}],"predecessor-version":[{"id":799,"href":"https:\/\/www.mevolution.fr\/oser-entreprendre\/wp-json\/wp\/v2\/pages\/489\/revisions\/799"}],"wp:attachment":[{"href":"https:\/\/www.mevolution.fr\/oser-entreprendre\/wp-json\/wp\/v2\/media?parent=489"}],"curies":[{"name":"wp","href":"https:\/\/api.w.org\/{rel}","templated":true}]}}