{"id":480,"date":"2023-10-09T21:23:17","date_gmt":"2023-10-09T19:23:17","guid":{"rendered":"https:\/\/www.mevolution.fr\/oser-entreprendre\/?page_id=480"},"modified":"2023-11-29T09:42:17","modified_gmt":"2023-11-29T08:42:17","slug":"citations","status":"publish","type":"page","link":"https:\/\/www.mevolution.fr\/oser-entreprendre\/citations\/","title":{"rendered":"Citations"},"content":{"rendered":"\n<hr class=\"wp-block-separator has-alpha-channel-opacity\"\/>\n\n\n\n<h2 class=\"wp-block-heading has-text-align-center\">Citations<\/h2>\n\n\n\n<hr class=\"wp-block-separator has-alpha-channel-opacity\"\/>\n\n\n\n<p class=\"has-text-align-center\"><em>Etre diff\u00e9rent n\u2019est ni une bonne ni une mauvaise chose. <br>Cela signifie simplement que vous \u00eates suffisamment courageux pour \u00eatre vous-m\u00eame.<\/em><br><strong>Albert Camus<\/strong><\/p>\n\n\n\n<p class=\"has-text-align-center\"><em>Se r\u00e9unir est un d\u00e9but ; rester ensemble est un progr\u00e8s ; travailler ensemble est la r\u00e9ussite.<br><\/em><strong>Henri Ford<\/strong><\/p>\n\n\n\n<p class=\"has-text-align-center\"><em>Leadership in not about being in charge.<br>Leadership is about taking care of those in your charge.<\/em><br><strong>Simon&nbsp;Sinek&nbsp;<\/strong><\/p>\n\n\n\n<p class=\"has-text-align-center\"><em>Tous les \u00eatres humains sont fait pour : Faire,&nbsp;Donner et Recevoir.<\/em><br><strong>Rapha\u00ebl Bala\u00ff&nbsp;<\/strong><\/p>\n\n\n\n<p class=\"has-text-align-center\"><em>Notre corps est notre jardin et notre volont\u00e9 en est le jardinier.<br><\/em><strong>William Shakespeare<\/strong><\/p>\n\n\n\n<p class=\"has-text-align-center\"><em>L\u2019avenir, ce n\u2019est pas ce qui va nous arriver, mais ce que nous allons faire.<br><\/em><strong>Henri Bergson<\/strong><\/p>\n\n\n\n<p class=\"has-text-align-center\"><em>La libert\u00e9 int\u00e9rieure c\u2019est quand le regard des autres ne nous d\u00e9termine pas.<br><\/em><strong>Alexandre Jolien<\/strong><\/p>\n\n\n\n<p class=\"has-text-align-center\"><em>L\u2019esprit est comme un parachute : il fonctionne mieux lorsqu\u2019il est ouvert.<br><\/em><strong>Dan Millman&nbsp;<\/strong><\/p>\n\n\n\n<p class=\"has-text-align-center\"><em>Intelligence without ambition is a bird without wings<br><\/em><strong>Salvador Dali<\/strong><\/p>\n\n\n\n<p class=\"has-text-align-center\"><em>La seule \u00e9ternit\u00e9 c\u2019est le sentiment qu\u2019on laisse derri\u00e8re soi<br><\/em><strong>Marc Levy&nbsp;<\/strong><\/p>\n\n\n\n<p class=\"has-text-align-center\"><em>Je me pr\u00e9pare toujours au pire et j\u2019attends le meilleur, comme \u00e7a je ne suis jamais d\u00e9\u00e7u.<br><\/em><strong>Benjamin Franklin&nbsp;<\/strong><\/p>\n\n\n\n<p class=\"has-text-align-center\"><em>Le succ\u00e8s, c\u2019est d\u2019aller d\u2019\u00e9chec en \u00e9chec sans perdre son enthousiasme.<br><\/em><strong>Winston Churchill.<\/strong><\/p>\n\n\n\n<p class=\"has-text-align-center\"><em>J\u2019ai r\u00eav\u00e9 de mille nouveaux chemins\u2026<\/em><br><em>Je me suis r\u00e9veill\u00e9 et j\u2019ai choisi le mien.<br><\/em><strong>Inspir\u00e9 d\u2019un proverbe Chinois<\/strong><\/p>\n\n\n\n<p class=\"has-text-align-center\"><em>N\u2019int\u00e9grez pas le mod\u00e8le industriel.<\/em><br><em>Vous n\u2019\u00eates pas une pi\u00e8ce interchangeable, mais un \u00eatre humain unique ; si vous avez quelque chose \u00e0 dire, dites-le, et gardez la t\u00eate haute en apprenant \u00e0 mieux le dire.<br><\/em><strong>Davide Mamet<\/strong><\/p>\n\n\n\n<p class=\"has-text-align-center\"><em>Nous sommes ce que nous pensons.<\/em><br><em>Tout ce que nous sommes r\u00e9sulte de nos pens\u00e9es.<\/em><br><em>Avec nos pens\u00e9es, nous b\u00e2tissons notre monde.<br><\/em><strong>BOUDDHA<\/strong><\/p>\n\n\n\n<p class=\"has-text-align-center\"><em>Certaines personnes voient les choses telles qu\u2019elles sont et se disent \u00ab&nbsp;Pourquoi&nbsp;?&nbsp;\u00bb<\/em><br><em>Je r\u00eave de choses qui n\u2019ont jamais \u00e9t\u00e9 et je me dis \u00ab&nbsp;Pourquoi pas&nbsp;?&nbsp;\u00bb<br><\/em><strong>Georges Bernard Shaw<\/strong><\/p>\n\n\n\n<p class=\"has-text-align-center\"><em>Si vous voulez que cela change pour vous, il faut changer vous m\u00eame\u2026en changeant vous m\u00eame , les choses commenceront \u00e0 changer autour de vous, et pour vous.<br><\/em><strong>Jim Rohn<\/strong><\/p>\n\n\n\n<p class=\"has-text-align-center\"><em>Quand je suis all\u00e9 \u00e0 l\u2019\u00e9cole, ils m\u2019ont demand\u00e9 ce que je voulais \u00eatre quand je serai grand. J\u2019ai r\u00e9pondu \u201cHeureux\u201d. Ils m\u2019ont dis que n\u2019avais pas compris la question, j\u2019ai r\u00e9pondu qu\u2019ils n\u2019avaient pas compris la vie.<br><\/em><strong>John Lennon<\/strong><\/p>\n\n\n\n<p class=\"has-text-align-center\"><em>La passion fournit les arguments incontestables pour contourner les obstacles.<br><\/em><strong>Antoine Riboud<\/strong><\/p>\n\n\n\n<p class=\"has-text-align-center\"><em>C\u2019est quand une personne ose prendre des risques et s\u2019impliquer personnellement qu\u2019elle peut grandir et \u00e9voluer.<br><\/em><strong>Herbert Otto<\/strong><\/p>\n\n\n\n<p class=\"has-text-align-center\"><em>Etre homme, c\u2019est pr\u00e9cis\u00e9ment \u00eatre responsable. C\u2019est sentir, en posant sa pierre, que l\u2019on contribue \u00e0 b\u00e2tir le monde.<br><\/em><strong>Antoine de Saint Exup\u00e9ry<\/strong><\/p>\n\n\n\n<hr class=\"wp-block-separator has-alpha-channel-opacity\"\/>\n\n\n\n<p class=\"has-text-align-center\"><a href=\"https:\/\/www.mevolution.fr\/oser-entreprendre\/\">Retour sur les articles<\/a><\/p>\n\n\n\n<p><\/p>\n","protected":false},"excerpt":{"rendered":"<p>Citations Etre diff\u00e9rent n\u2019est ni une bonne ni une mauvaise chose. Cela signifie simplement que vous \u00eates suffisamment courageux pour \u00eatre vous-m\u00eame.Albert Camus Se r\u00e9unir est un d\u00e9but ; rester ensemble est un progr\u00e8s ; travailler ensemble est la r\u00e9ussite.Henri Ford Leadership in not about being in charge.Leadership is about taking care of those in [&hellip;]<\/p>\n","protected":false},"author":2,"featured_media":0,"parent":0,"menu_order":0,"comment_status":"closed","ping_status":"closed","template":"","meta":{"ocean_post_layout":"","ocean_both_sidebars_style":"","ocean_both_sidebars_content_width":0,"ocean_both_sidebars_sidebars_width":0,"ocean_sidebar":"","ocean_second_sidebar":"","ocean_disable_margins":"enable","ocean_add_body_class":"","ocean_shortcode_before_top_bar":"","ocean_shortcode_after_top_bar":"","ocean_shortcode_before_header":"","ocean_shortcode_after_header":"","ocean_has_shortcode":"","ocean_shortcode_after_title":"","ocean_shortcode_before_footer_widgets":"","ocean_shortcode_after_footer_widgets":"","ocean_shortcode_before_footer_bottom":"","ocean_shortcode_after_footer_bottom":"","ocean_display_top_bar":"default","ocean_display_header":"default","ocean_header_style":"","ocean_center_header_left_menu":"","ocean_custom_header_template":"","ocean_custom_logo":0,"ocean_custom_retina_logo":0,"ocean_custom_logo_max_width":0,"ocean_custom_logo_tablet_max_width":0,"ocean_custom_logo_mobile_max_width":0,"ocean_custom_logo_max_height":0,"ocean_custom_logo_tablet_max_height":0,"ocean_custom_logo_mobile_max_height":0,"ocean_header_custom_menu":"","ocean_menu_typo_font_family":"","ocean_menu_typo_font_subset":"","ocean_menu_typo_font_size":0,"ocean_menu_typo_font_size_tablet":0,"ocean_menu_typo_font_size_mobile":0,"ocean_menu_typo_font_size_unit":"px","ocean_menu_typo_font_weight":"","ocean_menu_typo_font_weight_tablet":"","ocean_menu_typo_font_weight_mobile":"","ocean_menu_typo_transform":"","ocean_menu_typo_transform_tablet":"","ocean_menu_typo_transform_mobile":"","ocean_menu_typo_line_height":0,"ocean_menu_typo_line_height_tablet":0,"ocean_menu_typo_line_height_mobile":0,"ocean_menu_typo_line_height_unit":"","ocean_menu_typo_spacing":0,"ocean_menu_typo_spacing_tablet":0,"ocean_menu_typo_spacing_mobile":0,"ocean_menu_typo_spacing_unit":"","ocean_menu_link_color":"","ocean_menu_link_color_hover":"","ocean_menu_link_color_active":"","ocean_menu_link_background":"","ocean_menu_link_hover_background":"","ocean_menu_link_active_background":"","ocean_menu_social_links_bg":"","ocean_menu_social_hover_links_bg":"","ocean_menu_social_links_color":"","ocean_menu_social_hover_links_color":"","ocean_disable_title":"default","ocean_disable_heading":"default","ocean_post_title":"","ocean_post_subheading":"","ocean_post_title_style":"","ocean_post_title_background_color":"","ocean_post_title_background":0,"ocean_post_title_bg_image_position":"","ocean_post_title_bg_image_attachment":"","ocean_post_title_bg_image_repeat":"","ocean_post_title_bg_image_size":"","ocean_post_title_height":0,"ocean_post_title_bg_overlay":0.5,"ocean_post_title_bg_overlay_color":"","ocean_disable_breadcrumbs":"default","ocean_breadcrumbs_color":"","ocean_breadcrumbs_separator_color":"","ocean_breadcrumbs_links_color":"","ocean_breadcrumbs_links_hover_color":"","ocean_display_footer_widgets":"default","ocean_display_footer_bottom":"default","ocean_custom_footer_template":"","footnotes":""},"class_list":["post-480","page","type-page","status-publish","hentry","entry"],"_links":{"self":[{"href":"https:\/\/www.mevolution.fr\/oser-entreprendre\/wp-json\/wp\/v2\/pages\/480","targetHints":{"allow":["GET"]}}],"collection":[{"href":"https:\/\/www.mevolution.fr\/oser-entreprendre\/wp-json\/wp\/v2\/pages"}],"about":[{"href":"https:\/\/www.mevolution.fr\/oser-entreprendre\/wp-json\/wp\/v2\/types\/page"}],"author":[{"embeddable":true,"href":"https:\/\/www.mevolution.fr\/oser-entreprendre\/wp-json\/wp\/v2\/users\/2"}],"replies":[{"embeddable":true,"href":"https:\/\/www.mevolution.fr\/oser-entreprendre\/wp-json\/wp\/v2\/comments?post=480"}],"version-history":[{"count":8,"href":"https:\/\/www.mevolution.fr\/oser-entreprendre\/wp-json\/wp\/v2\/pages\/480\/revisions"}],"predecessor-version":[{"id":615,"href":"https:\/\/www.mevolution.fr\/oser-entreprendre\/wp-json\/wp\/v2\/pages\/480\/revisions\/615"}],"wp:attachment":[{"href":"https:\/\/www.mevolution.fr\/oser-entreprendre\/wp-json\/wp\/v2\/media?parent=480"}],"curies":[{"name":"wp","href":"https:\/\/api.w.org\/{rel}","templated":true}]}}